{"id":759,"date":"2018-06-17T08:55:46","date_gmt":"2018-06-17T08:55:46","guid":{"rendered":"https:\/\/www.dirkhilger.de\/?page_id=759"},"modified":"2023-11-25T11:23:09","modified_gmt":"2023-11-25T10:23:09","slug":"mitgliedschaft-2","status":"publish","type":"page","link":"https:\/\/www.dirkhilger.de\/?page_id=759","title":{"rendered":"LiveChart AddOn"},"content":{"rendered":"\r\n<p><strong>LiveChart-AddOn<\/strong><\/p>\r\n<p>Das AddOn erm\u00f6glicht es, Analysen von Anbietern auf den eigenen Chart zu holen und so immer Up-To-Date zu sein. Was vor einigen Jahren als Prototyp begann, ist nun ausgewachsen und wird auch von meinen Kollegen genutzt und angeboten.\u00a0<\/p>\r\n<p>Das LiveChart-Addon selbst ist im StereoTrader-Installation Manager verf\u00fcgbar und findet sich nach der Installation im MetaTrader Navigator unter Indikatoren-&gt;StereoTrader-&gt;Live. Von dort aus zieht man es dann einfach auf den Chart und ist immer auf dem Laufenden.\u00a0<\/p>\r\n<p><img loading=\"lazy\" decoding=\"async\" class=\"alignnone size-full wp-image-3137\" src=\"https:\/\/www.dirkhilger.de\/wp-content\/uploads\/2020\/05\/Bildschirmfoto-2020-05-24-um-22.07.11.png\" alt=\"\" width=\"190\" height=\"244\" \/><\/p>\r\n<p>Der Lizenzcode ist im AddOn selbst einzugeben und setzt sich wie folgt zusammen:<\/p>\r\n<p style=\"text-align: center;\">DGS24-ST-<em>BESTELLID<\/em>-96147<\/p>\r\n<p>wobei &#8222;BestellID&#8220; durch die von DigiStore zugeteilte Bestell-ID zu ersetzen ist. Zur Eingabe des Lizenzcodes gelangt man per Klick auf den kleinen Kreis, links oben im AddOn. Wenn die Lizenz erkannt wird, wechselt seine Farbe von grau nach gr\u00fcn.<\/p>\r\n<p><strong>LiveChart mit Lizenz<\/strong><\/p>\r\n<p>Das Angebot beginnt in der Regel bei 25 EUR pro Monat incl. MwSt, kann jedoch je nach Partner variieren und unterschiedliche Leistungen beinhalten.\u00a0 Die Abwicklung erfolgt \u00fcber DigiStore24.\u00a0<\/p>\r\n<p><strong>LiveChart ohne Lizenz?<\/strong><\/p>\r\n<p>Auch das ist m\u00f6glich, aber die Echtzeit-\u00dcbertragung beschr\u00e4nkt sich dann in der Regel auf die Zeiten, in wechen Webinare oder Streams stattfinden. Jedem Anbieter ist selbst \u00fcberlassen, ob und wann er\/sie freien Content zur Verf\u00fcgung stellt oder nicht.\u00a0<\/p>\r\n<p><strong>Ein Wort zu meinem pers\u00f6nlichen Angebot<\/strong><\/p>\r\n<p>Mein Blog, der Videoguide auf YouTube und die <a href=\"https:\/\/www.facebook.com\/groups\/TradersClubStereoTrader\/\">Facebook-Gruppe<\/a> sind <strong>nicht kostenpflichtig<\/strong>. Den Content, den Support und das Coaching liefere ich freiwillig, in dem Umfang wie es mein Zeitplan erlaubt und das wird auch bis auf weiteres so bleiben.\u00a0 Das LiveChart-Addon ist eine M\u00f6glichkeit, meine t\u00e4gliche Arbeit zu honorieren.\u00a0<\/p>\r\n<p>Das heisst, wenn meine regelm\u00e4ssiger Aufwand\u00a0 jemandem hilft, sei es zu Lernzwecken oder sich diese direkt auf den Kontostand auswirkt, dann biete ich jenen an, das daf\u00fcr zu geben, was sie f\u00fcr angemessen halten. Damit wird niemand \u00fcberfahren und jeder darf frei entscheiden, ob das, was ich leiste, entweder nichts wert ist, oder 25\u20ac, oder 100\u20ac oder wieviel auch immer.<\/p>\r\n<p>Nochmal: Niemand wird zu etwas gezwungen, es ist alles zu 100% freiwillig. Wer es machen m\u00f6chte, wor\u00fcber ich mich nat\u00fcrlich freue, einfach <strong><a href=\"https:\/\/www.digistore24.com\/product\/96147\">hier<\/a><\/strong> klicken und das passende ausw\u00e4hlen. Man kann den Beitrag jederzeit anpassen und auch jederzeit wieder aussteigen. Keine Verpflichtung zu nichts &#8211; ganz klar.<\/p>\r\n<p><strong>LiveChart-Video<\/strong><\/p>\r\n<p>Das Vorstellungs- bzw. Einf\u00fchrungsivideo zum AddOn findet sich inzwischen auch auf YouTube.<\/p>\r\n<p><iframe loading=\"lazy\" title=\"StereoTrader LiveChart (Prototyp) - Vorstellung\" width=\"525\" height=\"295\" src=\"https:\/\/www.youtube.com\/embed\/6ww4v7VDfnc?feature=oembed\" frameborder=\"0\" allow=\"accelerometer; autoplay; clipboard-write; encrypted-media; gyroscope; picture-in-picture; web-share\" referrerpolicy=\"strict-origin-when-cross-origin\" allowfullscreen><\/iframe><\/p>\r\n<p>Vielen Dank! \ud83d\ude42<\/p>\r\n<p>Beta:<\/p>\r\n<p>&nbsp;<\/p>\r\n\r\n<p><iframe loading=\"lazy\" src=\"https:\/\/www.mql5.com\/en\/signals\/widget\/signal\/52of?t=gray\" width=\"220\" height=\"140\" frameborder=\"0\"><\/iframe><\/p>\r\n","protected":false},"excerpt":{"rendered":"<p>LiveChart-AddOn Das AddOn erm\u00f6glicht es, Analysen von Anbietern auf den eigenen Chart zu holen und so immer Up-To-Date zu sein. Was vor einigen Jahren als Prototyp begann, ist nun ausgewachsen und wird auch von meinen Kollegen genutzt und angeboten.\u00a0 Das LiveChart-Addon selbst ist im StereoTrader-Installation Manager verf\u00fcgbar und findet sich nach der Installation im MetaTrader &hellip; <\/p>\n<p class=\"link-more\"><a href=\"https:\/\/www.dirkhilger.de\/?page_id=759\" class=\"more-link\"><span class=\"screen-reader-text\">\u201eLiveChart AddOn\u201c<\/span> weiterlesen<\/a><\/p>\n","protected":false},"author":1,"featured_media":0,"parent":0,"menu_order":0,"comment_status":"closed","ping_status":"closed","template":"","meta":{"footnotes":""},"class_list":["post-759","page","type-page","status-publish","hentry"],"_links":{"self":[{"href":"https:\/\/www.dirkhilger.de\/index.php?rest_route=\/wp\/v2\/pages\/759"}],"collection":[{"href":"https:\/\/www.dirkhilger.de\/index.php?rest_route=\/wp\/v2\/pages"}],"about":[{"href":"https:\/\/www.dirkhilger.de\/index.php?rest_route=\/wp\/v2\/types\/page"}],"author":[{"embeddable":true,"href":"https:\/\/www.dirkhilger.de\/index.php?rest_route=\/wp\/v2\/users\/1"}],"replies":[{"embeddable":true,"href":"https:\/\/www.dirkhilger.de\/index.php?rest_route=%2Fwp%2Fv2%2Fcomments&post=759"}],"version-history":[{"count":15,"href":"https:\/\/www.dirkhilger.de\/index.php?rest_route=\/wp\/v2\/pages\/759\/revisions"}],"predecessor-version":[{"id":6823,"href":"https:\/\/www.dirkhilger.de\/index.php?rest_route=\/wp\/v2\/pages\/759\/revisions\/6823"}],"wp:attachment":[{"href":"https:\/\/www.dirkhilger.de\/index.php?rest_route=%2Fwp%2Fv2%2Fmedia&parent=759"}],"curies":[{"name":"wp","href":"https:\/\/api.w.org\/{rel}","templated":true}]}}