{"id":68,"date":"2018-01-29T10:19:19","date_gmt":"2018-01-29T10:19:19","guid":{"rendered":"http:\/\/trading.stereotrader.de\/?page_id=68"},"modified":"2021-09-01T10:16:57","modified_gmt":"2021-09-01T09:16:57","slug":"legende-handelsweise","status":"publish","type":"page","link":"https:\/\/www.dirkhilger.de\/?page_id=68","title":{"rendered":"Legende &#038; Handelsweise"},"content":{"rendered":"<p><strong>Vorab<\/strong>:<\/p>\n<p>Die nachfolgende Beschreibung hilft zu verstehen, wie ICH die Marken handele und wie es sich seit nunmehr \u00fcber etwa 4 Jahren absolut bew\u00e4hrt hat und konstant profitabel ist. Das alles stellt KEINE Empfehlung f\u00fcr das Eingehen von Trades dar, dennoch kann ich niemanden davon abhalten. Wenn dem ein oder anderen auff\u00e4llt, was man verbessern kann, bin ich f\u00fcr Kritik jederzeit offen.<\/p>\n<p><strong>1. Legende<\/strong><\/p>\n<p>Die von mir vorgestellen Setups folgen einer gleichbleibenden Handelsweise.<\/p>\n<ul>\n<li>Alle gezeigten Marken sind grunds\u00e4tzlich f\u00fcr den Schlusskurs des gezeigten Timeframes entscheidend. Ist der Chart also im H1, ist der Schlusskurs im Stundenchart ma\u00dfgeblich. Nichts desto trotz lassen sich die Marken auch oft zus\u00e4tzlich als Impuls (Scalp) handeln, wenn man sich den n\u00e4chsten (klassischen) Punkt &#8211; knapp hinter oder auf &#8211; der Marke sucht. Dies kann eine Vortagesfibo sein oder ein Pivot vom Vortag oder aber auch ein Pivot aus dem H1 &#8211; oft effizienter.<\/li>\n<li>Gr\u00fcne Linie = Support, sollte nach oben reagieren. Meistens nur unterhalb des aktuellen Kurses zu finden, aber auch oberhalb m\u00f6glich.<\/li>\n<li>Rote Linie = Widerstand, sollte nach unten reagieren oder nach unten beschleunigen.<\/li>\n<li>Blaue Linie = Neutral, fungiert zumeist als Anlaufzone, kann als Trigger f\u00fcr Bewegungsfortsetzung verwendet werden.<\/li>\n<li>Orange Linie = Target aus \u00fcbergeordneter Ansicht (Daily\/Weekly) und\/oder Volumenpunkt. Diese sind fast die wichtigsten, denn der Markt l\u00e4uft beinahe immer von einer zur n\u00e4chsten<\/li>\n<\/ul>\n<p>Handelbar sind haupts\u00e4chlich Gr\u00fcn und Rot, wobei auch Blau nach einem Durchsto\u00df im gew\u00e4hlten Timeframe als Backtest\/Parit\u00e4tspunkt oft genau reagieren und damit handelbar sind<\/p>\n<p><strong>2. Strategie<\/strong><\/p>\n<p>Alledem liegt im wesentlichen die Markttechnik zu Grunde, daher gibt es keine diagonalen Linien und auch keinerlei Indikatoren.<\/p>\n<p>Es wird grunds\u00e4tzlich davon ausgegangen, dass die Maxima ausgereizt werden, Trends also bis auf den letzten m\u00f6glichen Punkt getestet werden. Alles ohne die Verwendung von Fibos etc. Die Bestimmung der Marken erfolgt allerdings durch eine eigene Methodik und dient im wesentlichen der Risikominimierung.<\/p>\n<p><strong>3. Handelsweise(n)<\/strong><\/p>\n<p>Der Fill erfolgt in der Regel nur mit Limit-Pullback-Orders (LPO), eine Besonderheit des StereoTrader, welche vor \u00dcberlaufen von Limits bei schnellen Marktbewegungen oder Illiquidit\u00e4t sch\u00fctzt. Dadurch ist der Fill in der Regel besser, der Handel von Limits in jedem Fall aber risiko\u00e4rmer. Im DAX verwende ich einen Wert von 1, im Dow einen LPO-Wert von 2.<\/p>\n<p>F\u00fcr Impuls- \/Reaktionshandel verwende ich \u00fcblicherweise einen SL von 5-7 Punkten\/Pips (DAX und Euro), wobei der TP bei mindestens 15-20 Punkten liegen sollte. Falls in den geposteten Trades nichts angegeben ist, gilt ein SL von 10. Der durchschnittliche Return, gemessen an \u00fcber 200 Trades, liegt bei ca. 25 Punkten im Impuls, also direkten Handel der Marke. Im Dow ist der SL doppelt so hoch, also zwischen 10 und 15 Punkten bzw. 20 falls nichts angegeben ist, da die prozentuale Schwankungsbreite beachtet werden muss. In vielen F\u00e4llen l\u00e4uft der Kurs von der Impulsmarke selbst zur n\u00e4chsten gezeigten Marke. F\u00fcr Bewegungshandel w\u00e4hle ich entweder einen SL von 20 Punkten oder aber warte den Schlusskurs im H1 ab. Hier folgt die Zielbestimmung grunds\u00e4tzlich durch die Regeln der Markttechnik, wobei oft aber ein markttechnischer Trailing-Stop aus dem StereoTrader eingesetzt wird.<\/p>\n<p>Die sicherste Variante ist immer, von einer Linie zur n\u00e4chsten zu handeln. Das heisst, schliesst zB der Dow in einem Intraday-Long-Trend erkennbar (nicht zu knapp) \u00fcber einer blauen Linie, so wird diese in der Regel im R\u00fccklauf getestet. Hier lege ich eine Limit-Pullback-Order auf die Linie und handele den Markt bis zur n\u00e4chsten Linie. Normalerweise liegen diese weit genug auseinander, bzw. achte ich darauf, dass es so ist, denn ansonsten droht der Markt in eine Range zu geraten.<\/p>\n<p>Eine ebenfalls auffallende hohe Quote haben die orange-farbenen Linien. Sie werden, wenn der Markt nicht schon seit Tagen in einer Range um sie herum pendelt, beinahe nie durchlaufen. Heisst, auch hier kann man fast immer gegen die aktuelle Bewegung handeln und per Limit-Order Punkten. Einzige Ausnahme: Wird eine solche Linie nur beinahe angelaufen und der Markt dreht kurz davor, so kann man davon ausgehen, dass sie im n\u00e4chsten Anlauf recht z\u00fcgig und mit grossem Volumen durchgehandelt wird.<\/p>\n<p><strong>4. Exit-Automation<\/strong><\/p>\n<p>Die Trailing-Stops aus dem StereoTrader belegen im Backtest einen durchweg effizienten Exit.<\/p>\n<ul>\n<li>Impulshandel &#8211; TA6-TA20 (Tick-Average) mit Abstand -1 (=Spread x1) ab Target<\/li>\n<li>Bewegungshandel\/Ausbruch &#8211; PLH Peak M15 (max. M30) mit Distanz 3-4<\/li>\n<li>Trendhandel &#8211; PLH Peak H1 mit Distanz 5-8 oder PRIAX Trail H1 (letzteres sehr effizient bei EURUSD und Gold)<\/li>\n<\/ul>\n<p><strong>5. Statistik<\/strong><\/p>\n<p>Aktuell poste ich Trades nur vereinzelt, weil meine Zeit nicht mehr erlaubt. Aber in der Vergangenheit gab es auch Serien \u00fcber Monate hinweg, die dann auch statistisch erfasst wurden.<\/p>\n<p><a href=\"https:\/\/www.dirkhilger.de\/?p=1520\">-&gt; Statistisches Ergebnis<\/a><\/p>\n<p><strong>6. Wichtiger Hinweis<\/strong><\/p>\n<p>Diese Beschreibung stellt keineswegs eine Aufforderung zum Handel dar, ebenso wenig eine Handelsempfehlung. Die vorgestellten Setups werden zumeist in der Facebook-Gruppe &#8222;<a href=\"https:\/\/www.facebook.com\/groups\/TradersClubStereoTrader\/\">Trader\u00b4s Club von StereoTrader.net<\/a>&#8220; live besprochen und gehandelt.<\/p>\n<p>Die Beschreibung dokumentiert dar\u00fcber hinaus lediglich die Handelsweise, wie sie sich bei mir in der Vergangenheit bew\u00e4hrt hat und wie sie im Backtesting\/History-Trading mit dem StereoTrader als auch durch Beitr\u00e4ge in der Facebook-Gruppe positiv belegbar ist. Historische Ergebnisse sind kein Garant f\u00fcr entsprechende Resultate in der Zukunft. Siehe auch: <a href=\"http:\/\/trading.stereotrader.de\/?page_id=73\">Interessenskonflikt<\/a><\/p>\n","protected":false},"excerpt":{"rendered":"<p>Vorab: Die nachfolgende Beschreibung hilft zu verstehen, wie ICH die Marken handele und wie es sich seit nunmehr \u00fcber etwa 4 Jahren absolut bew\u00e4hrt hat und konstant profitabel ist. Das alles stellt KEINE Empfehlung f\u00fcr das Eingehen von Trades dar, dennoch kann ich niemanden davon abhalten. Wenn dem ein oder anderen auff\u00e4llt, was man verbessern &hellip; <\/p>\n<p class=\"link-more\"><a href=\"https:\/\/www.dirkhilger.de\/?page_id=68\" class=\"more-link\"><span class=\"screen-reader-text\">\u201eLegende &#038; Handelsweise\u201c<\/span> weiterlesen<\/a><\/p>\n","protected":false},"author":1,"featured_media":0,"parent":0,"menu_order":0,"comment_status":"closed","ping_status":"closed","template":"","meta":{"footnotes":""},"class_list":["post-68","page","type-page","status-publish","hentry"],"_links":{"self":[{"href":"https:\/\/www.dirkhilger.de\/index.php?rest_route=\/wp\/v2\/pages\/68"}],"collection":[{"href":"https:\/\/www.dirkhilger.de\/index.php?rest_route=\/wp\/v2\/pages"}],"about":[{"href":"https:\/\/www.dirkhilger.de\/index.php?rest_route=\/wp\/v2\/types\/page"}],"author":[{"embeddable":true,"href":"https:\/\/www.dirkhilger.de\/index.php?rest_route=\/wp\/v2\/users\/1"}],"replies":[{"embeddable":true,"href":"https:\/\/www.dirkhilger.de\/index.php?rest_route=%2Fwp%2Fv2%2Fcomments&post=68"}],"version-history":[{"count":21,"href":"https:\/\/www.dirkhilger.de\/index.php?rest_route=\/wp\/v2\/pages\/68\/revisions"}],"predecessor-version":[{"id":4661,"href":"https:\/\/www.dirkhilger.de\/index.php?rest_route=\/wp\/v2\/pages\/68\/revisions\/4661"}],"wp:attachment":[{"href":"https:\/\/www.dirkhilger.de\/index.php?rest_route=%2Fwp%2Fv2%2Fmedia&parent=68"}],"curies":[{"name":"wp","href":"https:\/\/api.w.org\/{rel}","templated":true}]}}